{"id":3,"date":"2022-09-08T12:09:32","date_gmt":"2022-09-08T15:09:32","guid":{"rendered":"https:\/\/organne.com.br\/loja\/?page_id=3"},"modified":"2022-11-29T15:44:07","modified_gmt":"2022-11-29T18:44:07","slug":"politica-de-privacidade","status":"publish","type":"page","link":"https:\/\/organne.com.br\/loja\/politica-de-privacidade\/","title":{"rendered":"Pol\u00edtica de privacidade"},"content":{"rendered":"<div class=\"wpb-content-wrapper\">[vc_row css=&#8221;.vc_custom_1634728783535{margin-top: 50px !important;}&#8221;][vc_column][vc_column_text]Pol\u00edtica vigente desde 20\/08\/2020<\/p>\r\n<p>N\u00f3s ORGANNE VASOS DECOR, entendemos e respeitamos a sua privacidade, nosso objetivo \u00e9 adotar medidas coerentes e salvaguardas apropriadas, de maneira transparente, para o tratamento e prote\u00e7\u00e3o de seus dados pessoais na utiliza\u00e7\u00e3o do diversos site e servi\u00e7os do ORGANNE.<\/p>\r\n<p>A Pol\u00edtica de Privacidade objetiva dar visibilidade a voc\u00ea, sobre o tratamento de seus dados pessoais pelo ORGANNE, atendendo princ\u00edpios das legisla\u00e7\u00f5es vigentes.<\/p>\r\n<h2 class=\"wp-block-heading\">1. DEFINI\u00c7\u00c3O DE INFORMA\u00c7\u00c3O PESSOAL<\/h2>\r\n<p>Conforme a legisla\u00e7\u00e3o de Prote\u00e7\u00e3o de Dados Pessoais aplic\u00e1vel, nos pa\u00edses em que o ORGANNE presta seus servi\u00e7os e para os fins desta Pol\u00edtica de Privacidade ou Tratamento de Dados Pessoais, iremos considerar que as informa\u00e7\u00f5es fornecidas pelo usu\u00e1rio s\u00e3o de teor pessoal, desde que elas, sozinhas ou em conjunto com outro dado entregue ou gerado, fa\u00e7a com que uma pessoa natural seja identificada ou identific\u00e1vel (Titular dos Dados). Uma pessoa natural identific\u00e1vel \u00e9 aquela que pode ser identificada, direta ou indiretamente, em particular por refer\u00eancia a um identificador, como um nome, um n\u00famero de identifica\u00e7\u00e3o, dados de localiza\u00e7\u00e3o, um identificador online ou a um ou mais fatores espec\u00edficos do f\u00edsico, fisiol\u00f3gico, identidade gen\u00e9tica, mental, econ\u00f4mica, cultural ou social dessa pessoa natural.<\/p>\r\n<h2>2. CATEGORIAS DE DADOS PESSOAIS QUE COLETAMOS:<\/h2>\r\n<p>Na medida do permitido pela lei aplic\u00e1vel, as categorias e tipos de dados pessoais coletados diretamente de voc\u00ea, podem incluir, sem limita\u00e7\u00e3o, observados os princ\u00edpios da finalidade, da adequa\u00e7\u00e3o, da necessidade, do livre acesso, da qualidade dos dados, da transpar\u00eancia, da seguran\u00e7a, da preven\u00e7\u00e3o, da n\u00e3o discrimina\u00e7\u00e3o e da responsabiliza\u00e7\u00e3o e presta\u00e7\u00e3o de contas. Poderemos ter acesso \u00e0 (i) suas informa\u00e7\u00f5es de contato, tais como, mas sem se limitar \u00e0quelas utilizadas para nos comunicarmos com voc\u00ea, como nome, cargo, nome da empresa, endere\u00e7o de e-mail, endere\u00e7o telef\u00f4nico ou postal; (ii) informa\u00e7\u00f5es de conta, como, por exemplo, nome de usu\u00e1rio, ID de usu\u00e1rio, dados sobre seu registro ou participa\u00e7\u00e3o em treinamentos, webinars, ou outros eventos; (iii) informa\u00e7\u00f5es profissionais ou relacionadas a emprego, tais como curr\u00edculo, carta de apresenta\u00e7\u00e3o, hist\u00f3rico profissional; (iv) informa\u00e7\u00f5es captadas de forma autom\u00e1tica, como endere\u00e7o de IP, local, data e hora, hist\u00f3rico de navega\u00e7\u00e3o, geolocaliza\u00e7\u00e3o fonte de refer\u00eancia, tipo de navegador, dura\u00e7\u00e3o da visita e p\u00e1ginas visitadas; (v) infer\u00eancias, \u00e0quelas informa\u00e7\u00f5es retiradas dos dados pessoais coletados no item anterior, como os t\u00f3picos em que voc\u00ea pode estar interessado com base nas \u00e1reas do site que voc\u00ea visita ou em quais produtos voc\u00ea pode estar interessado com base nos registros de compra.<br \/>\u00c9 poss\u00edvel desabilitar, por meio das configura\u00e7\u00f5es de seu navegador de internet, a coleta autom\u00e1tica de informa\u00e7\u00f5es por meio de algumas tecnologias, como cookies e caches, bem como em nosso pr\u00f3prio website, especificamente quanto aos cookies. No entanto, o Usu\u00e1rio deve estar ciente que, se desabilitadas estas tecnologias, alguns recursos oferecidos pelo site, que dependem do tratamento dos referidos dados, poder\u00e3o n\u00e3o funcionar corretamente.<br \/>As informa\u00e7\u00f5es coletadas poder\u00e3o ser compartilhadas pela ORGANNE com: (i) demais empresas do grupo para a\u00e7\u00f5es de marketing ou quando forem necess\u00e1rias para a adequada presta\u00e7\u00e3o dos servi\u00e7os, objeto de suas atividades; (ii) para prote\u00e7\u00e3o dos interesses da ORGANNE em qualquer tipo de conflito; (iii) mediante decis\u00e3o judicial ou requisi\u00e7\u00e3o de autoridade competente.<\/p>\r\n<h2>3. COMO OBTEMOS SEUS DADOS PESSOAIS<\/h2>\r\n<p>A ORGANNE obt\u00e9m dados pessoais diretamente de voc\u00ea por meio de nossas intera\u00e7\u00f5es com voc\u00ea e por meio de nossos produtos e servi\u00e7os, incluindo, sem limita\u00e7\u00e3o, quando voc\u00ea: Solicita or\u00e7amento ou informa\u00e7\u00f5es sobre os produtos; Inscreve-se ou participa de um treinamento, webinar ou outro evento; Solicita informa\u00e7\u00f5es ou materiais, como, por exemplo, e-books, blocos 3D e similares; Participa de pesquisas ou avalia\u00e7\u00f5es, promo\u00e7\u00f5es;<\/p>\r\n<p>Os dados pessoais que coletamos online tamb\u00e9m podem ser combinados com os dados pessoais fornecidos por meio de canais offline, como, por exemplo, durante um evento realizado\/patrocinado pelo ORGANNE de que voc\u00ea participe.<\/p>\r\n<p>Tamb\u00e9m podemos coletar informa\u00e7\u00f5es de forma autom\u00e1tica, relacionadas ao uso de an\u00fancios e resposta aos nossos e-mails por meio do uso de v\u00e1rias tecnologias. A coleta de informa\u00e7\u00f5es dessa maneira nos permite analisar a efic\u00e1cia de nossas a\u00e7\u00f5es online e nossos esfor\u00e7os de marketing, fazendo com que possamos personalizar sua experi\u00eancia e melhorar nossas intera\u00e7\u00f5es com voc\u00ea.<\/p>\r\n<h2>4. SOBRE O USO DE SUAS INFORMA\u00c7\u00d5ES PESSOAIS<\/h2>\r\n<p>O ORGANNE pode usar os dados pessoais que coletamos para algumas finalidades, dentre elas: identificar e autenticar voc\u00ea, verificando sua identidade quando voc\u00ea acessa e usa nossos servi\u00e7os e para garantir a seguran\u00e7a de seus dados pessoais. Processamos suas informa\u00e7\u00f5es pessoais a fim de cumprir com nossas obriga\u00e7\u00f5es contratuais com voc\u00ea.<\/p>\r\n<p>Em outros casos, \u00e9 do nosso interesse comercial leg\u00edtimo poder contat\u00e1-lo, como, por exemplo, se voc\u00ea solicitar algo da ORGANNE, como um produto ou servi\u00e7o, um retorno de chamada, uma assinatura de boletim informativo ou marketing espec\u00edfico, ou outros materiais, usaremos os dados pessoais fornecidos por voc\u00ea para responder \u00e0 sua solicita\u00e7\u00e3o. N\u00f3s ou nossos representantes tamb\u00e9m podemos contat\u00e1-lo como parte de pesquisas de satisfa\u00e7\u00e3o do cliente ou para fins de pesquisa de mercado.<\/p>\r\n<p>Quando exigido pela lei aplic\u00e1vel, obteremos seu consentimento antes de enviar mensagens de marketing. A ORGANNE pode, ainda, usar seus dados pessoais para notific\u00e1-lo sobre ofertas de produtos e servi\u00e7os, bem como sobre eventos que acreditamos possam ser de seu interesse, ou ent\u00e3o para responder diretamente \u00e0s suas solicita\u00e7\u00f5es de informa\u00e7\u00f5es, incluindo registros para newsletters ou outras solicita\u00e7\u00f5es espec\u00edficas.<\/p>\r\n<p>Quando voc\u00ea usa nossos sites e\/ou responde aos nossos e-mails, usamos os dados pessoais que voc\u00ea fornece com a finalidade de melhorar e personalizar sua experi\u00eancia em nosso site e para fornecer conte\u00fado e ofertas de produtos e servi\u00e7os relevantes aos seus interesses, incluindo ofertas direcionadas por meio nosso site, sites de terceiros ou e-mail (com o seu consentimento, quando exigido pela lei aplic\u00e1vel), tamb\u00e9m podemos usar essas informa\u00e7\u00f5es para nos ajudar a melhorar e desenvolver ainda mais nosso site, produtos e servi\u00e7os.<\/p>\r\n<p>N\u00e3o usaremos seus dados pessoais de maneira inconsistente com o prop\u00f3sito de sua coleta original, a menos que tenhamos fornecido um aviso adicional e voc\u00ea tenha consentido. A ORGANNE ir\u00e1 reter seus dados pessoais pelo tempo que for necess\u00e1rio para cumprir os prop\u00f3sitos para os quais as informa\u00e7\u00f5es s\u00e3o processadas ou por outras raz\u00f5es v\u00e1lidas para reter suas informa\u00e7\u00f5es pessoais (por exemplo, para cumprir nossas obriga\u00e7\u00f5es legais e regulat\u00f3rias, resolver disputas, fazer cumprir nossos acordos e para o estabelecimento, exerc\u00edcio ou defesa de demandas judiciais).<\/p>\r\n<h2>5. COMO COMPARTILHAMOS SEUS DADOS<\/h2>\r\n<p>A ORGANNE poder\u00e1 divulgar dados pessoais com parceiros de neg\u00f3cios e provedores de servi\u00e7os para apoiar nossas opera\u00e7\u00f5es. Tais parceiros de neg\u00f3cios e provedores de servi\u00e7os s\u00e3o obrigados por contrato a manter as informa\u00e7\u00f5es recebidas em nome da ORGANNE confidenciais e seguras e n\u00e3o us\u00e1-las para qualquer prop\u00f3sito diferente daquele para o qual foram fornecidos a eles.<\/p>\r\n<p>A ORGANNE, pode ainda, divulgar dados pessoais conforme exigido por Lei ou processo legal, bem como responder a solicita\u00e7\u00f5es vindas de autoridade policial ou autoridade p\u00fablica, para fazer cumprir ou proteger os direitos da ORGANNE, quando tal divulga\u00e7\u00e3o for necess\u00e1ria ou apropriada para evitar danos f\u00edsicos ou perdas financeiras conforme permitido pela lei aplic\u00e1vel, ou em conex\u00e3o com uma investiga\u00e7\u00e3o de atividade ilegal suspeita, ou real.<\/p>\r\n<h2>6. DIREITO DE ACESSAR E CONTROLAR SEUS DADOS PESSOAIS<\/h2>\r\n<p>A ORGANNE garante a voc\u00ea, Titular dos Dados, diversas op\u00e7\u00f5es do que fazer com seus dados pessoais coletados, tratados e armazenados, incluindo sua exclus\u00e3o e\/ou corre\u00e7\u00e3o. Voc\u00ea pode: (i) solicitar a exclus\u00e3o dos seus dados pessoais; (ii) alterar ou corrigir dados, solicitando atualiza\u00e7\u00f5es, altera\u00e7\u00f5es ou corre\u00e7\u00f5es de seus dados em determinados casos, principalmente se eles estiverem incorretos; (iii) colocar obje\u00e7\u00f5es, limites ou restri\u00e7\u00f5es ao uso de dados, solicitando a interrup\u00e7\u00e3o do uso de todos ou alguns de seus dados pessoais; (iv) acessar seus dados.<\/p>\r\n<p>Voc\u00ea pode fazer as solicita\u00e7\u00f5es listadas acima entrando em contato com o nosso Data Protection por meio do e-mail <a href=\"mailto:contato@organne.com\"><strong>contato@organne.com<\/strong><\/a> e estes pedidos ser\u00e3o considerados de acordo com as leis aplic\u00e1veis.<\/p>\r\n<h2>8. MUDAN\u00c7AS NA POL\u00cdTICA DE PRIVACIDADE<\/h2>\r\n<p>Esta Pol\u00edtica de Privacidade pode passar por atualiza\u00e7\u00f5es. Desta forma, recomendamos visitar periodicamente esta p\u00e1gina para que voc\u00ea tenha conhecimento sobre as referidas modifica\u00e7\u00f5es. Antes de usar suas informa\u00e7\u00f5es para outros fins que n\u00e3o os definidos nesta Pol\u00edtica de Privacidade, solicitaremos seu consentimento.<\/p>\r\n<h2>9. FORO E LEGISLA\u00c7\u00c3O APLIC\u00c1VEL<\/h2>\r\n<p>Este documento \u00e9 regido e deve ser interpretado de acordo com as leis da Rep\u00fablica Federativa do Brasil. Fica eleito o Foro da Comarca de Maring\u00e1, Estado do Paran\u00e1 como o competente para dirimir quaisquer quest\u00f5es porventura oriundas do presente documento, com expressa ren\u00fancia a qualquer outro, por mais privilegiado que seja.<\/p>\r\n<p>&nbsp;<\/p>\r\n[\/vc_column_text][\/vc_column][\/vc_row]<\/div>","protected":false},"excerpt":{"rendered":"<p>[vc_row css=&#8221;.vc_custom_1634728783535{margin-top: 50px !important;}&#8221;][vc_column][vc_column_text]Pol\u00edtica vigente desde 20\/08\/2020 N\u00f3s ORGANNE VASOS DECOR, entendemos e respeitamos a sua privacidade, nosso objetivo \u00e9 adotar medidas coerentes e salvaguardas apropriadas, de maneira transparente, para o tratamento e prote\u00e7\u00e3o de seus dados pessoais na utiliza\u00e7\u00e3o do diversos site e servi\u00e7os do ORGANNE. A Pol\u00edtica de Privacidade objetiva dar visibilidade a&hellip;<\/p>\n","protected":false},"author":1,"featured_media":0,"parent":0,"menu_order":0,"comment_status":"closed","ping_status":"open","template":"","meta":{"footnotes":""},"class_list":["post-3","page","type-page","status-publish","hentry","entry","no-media"],"yoast_head":"<!-- This site is optimized with the Yoast SEO plugin v27.4 - https:\/\/yoast.com\/product\/yoast-seo-wordpress\/ -->\n<title>Pol\u00edtica de privacidade - Loja Organne<\/title>\n<meta name=\"robots\" content=\"index, follow, max-snippet:-1, max-image-preview:large, max-video-preview:-1\" \/>\n<link rel=\"canonical\" href=\"https:\/\/organne.com.br\/loja\/politica-de-privacidade\/\" \/>\n<meta property=\"og:locale\" content=\"pt_BR\" \/>\n<meta property=\"og:type\" content=\"article\" \/>\n<meta property=\"og:title\" content=\"Pol\u00edtica de privacidade - Loja Organne\" \/>\n<meta property=\"og:description\" content=\"[vc_row css=&#8221;.vc_custom_1634728783535{margin-top: 50px !important;}&#8221;][vc_column][vc_column_text]Pol\u00edtica vigente desde 20\/08\/2020 N\u00f3s ORGANNE VASOS DECOR, entendemos e respeitamos a sua privacidade, nosso objetivo \u00e9 adotar medidas coerentes e salvaguardas apropriadas, de maneira transparente, para o tratamento e prote\u00e7\u00e3o de seus dados pessoais na utiliza\u00e7\u00e3o do diversos site e servi\u00e7os do ORGANNE. A Pol\u00edtica de Privacidade objetiva dar visibilidade a&hellip;\" \/>\n<meta property=\"og:url\" content=\"https:\/\/organne.com.br\/loja\/politica-de-privacidade\/\" \/>\n<meta property=\"og:site_name\" content=\"Loja Organne\" \/>\n<meta property=\"article:publisher\" content=\"https:\/\/www.facebook.com\/organnemaringa\" \/>\n<meta property=\"article:modified_time\" content=\"2022-11-29T18:44:07+00:00\" \/>\n<meta name=\"twitter:card\" content=\"summary_large_image\" \/>\n<meta name=\"twitter:label1\" content=\"Est. tempo de leitura\" \/>\n\t<meta name=\"twitter:data1\" content=\"8 minutos\" \/>\n<script type=\"application\/ld+json\" class=\"yoast-schema-graph\">{\"@context\":\"https:\\\/\\\/schema.org\",\"@graph\":[{\"@type\":\"WebPage\",\"@id\":\"https:\\\/\\\/organne.com.br\\\/loja\\\/politica-de-privacidade\\\/\",\"url\":\"https:\\\/\\\/organne.com.br\\\/loja\\\/politica-de-privacidade\\\/\",\"name\":\"Pol\u00edtica de privacidade - Loja Organne\",\"isPartOf\":{\"@id\":\"https:\\\/\\\/organne.com.br\\\/loja\\\/#website\"},\"datePublished\":\"2022-09-08T15:09:32+00:00\",\"dateModified\":\"2022-11-29T18:44:07+00:00\",\"breadcrumb\":{\"@id\":\"https:\\\/\\\/organne.com.br\\\/loja\\\/politica-de-privacidade\\\/#breadcrumb\"},\"inLanguage\":\"pt-BR\",\"potentialAction\":[{\"@type\":\"ReadAction\",\"target\":[\"https:\\\/\\\/organne.com.br\\\/loja\\\/politica-de-privacidade\\\/\"]}]},{\"@type\":\"BreadcrumbList\",\"@id\":\"https:\\\/\\\/organne.com.br\\\/loja\\\/politica-de-privacidade\\\/#breadcrumb\",\"itemListElement\":[{\"@type\":\"ListItem\",\"position\":1,\"name\":\"In\u00edcio\",\"item\":\"https:\\\/\\\/organne.com.br\\\/loja\\\/\"},{\"@type\":\"ListItem\",\"position\":2,\"name\":\"Pol\u00edtica de privacidade\"}]},{\"@type\":\"WebSite\",\"@id\":\"https:\\\/\\\/organne.com.br\\\/loja\\\/#website\",\"url\":\"https:\\\/\\\/organne.com.br\\\/loja\\\/\",\"name\":\"Loja Organne\",\"description\":\"Nova Loja\",\"publisher\":{\"@id\":\"https:\\\/\\\/organne.com.br\\\/loja\\\/#organization\"},\"potentialAction\":[{\"@type\":\"SearchAction\",\"target\":{\"@type\":\"EntryPoint\",\"urlTemplate\":\"https:\\\/\\\/organne.com.br\\\/loja\\\/?s={search_term_string}\"},\"query-input\":{\"@type\":\"PropertyValueSpecification\",\"valueRequired\":true,\"valueName\":\"search_term_string\"}}],\"inLanguage\":\"pt-BR\"},{\"@type\":\"Organization\",\"@id\":\"https:\\\/\\\/organne.com.br\\\/loja\\\/#organization\",\"name\":\"Loja Organne\",\"url\":\"https:\\\/\\\/organne.com.br\\\/loja\\\/\",\"logo\":{\"@type\":\"ImageObject\",\"inLanguage\":\"pt-BR\",\"@id\":\"https:\\\/\\\/organne.com.br\\\/loja\\\/#\\\/schema\\\/logo\\\/image\\\/\",\"url\":\"https:\\\/\\\/organne.com.br\\\/loja\\\/wp-content\\\/uploads\\\/2022\\\/11\\\/favicon-organne1.png\",\"contentUrl\":\"https:\\\/\\\/organne.com.br\\\/loja\\\/wp-content\\\/uploads\\\/2022\\\/11\\\/favicon-organne1.png\",\"width\":512,\"height\":512,\"caption\":\"Loja Organne\"},\"image\":{\"@id\":\"https:\\\/\\\/organne.com.br\\\/loja\\\/#\\\/schema\\\/logo\\\/image\\\/\"},\"sameAs\":[\"https:\\\/\\\/www.facebook.com\\\/organnemaringa\"]}]}<\/script>\n<!-- \/ Yoast SEO plugin. -->","yoast_head_json":{"title":"Pol\u00edtica de privacidade - Loja Organne","robots":{"index":"index","follow":"follow","max-snippet":"max-snippet:-1","max-image-preview":"max-image-preview:large","max-video-preview":"max-video-preview:-1"},"canonical":"https:\/\/organne.com.br\/loja\/politica-de-privacidade\/","og_locale":"pt_BR","og_type":"article","og_title":"Pol\u00edtica de privacidade - Loja Organne","og_description":"[vc_row css=&#8221;.vc_custom_1634728783535{margin-top: 50px !important;}&#8221;][vc_column][vc_column_text]Pol\u00edtica vigente desde 20\/08\/2020 N\u00f3s ORGANNE VASOS DECOR, entendemos e respeitamos a sua privacidade, nosso objetivo \u00e9 adotar medidas coerentes e salvaguardas apropriadas, de maneira transparente, para o tratamento e prote\u00e7\u00e3o de seus dados pessoais na utiliza\u00e7\u00e3o do diversos site e servi\u00e7os do ORGANNE. A Pol\u00edtica de Privacidade objetiva dar visibilidade a&hellip;","og_url":"https:\/\/organne.com.br\/loja\/politica-de-privacidade\/","og_site_name":"Loja Organne","article_publisher":"https:\/\/www.facebook.com\/organnemaringa","article_modified_time":"2022-11-29T18:44:07+00:00","twitter_card":"summary_large_image","twitter_misc":{"Est. tempo de leitura":"8 minutos"},"schema":{"@context":"https:\/\/schema.org","@graph":[{"@type":"WebPage","@id":"https:\/\/organne.com.br\/loja\/politica-de-privacidade\/","url":"https:\/\/organne.com.br\/loja\/politica-de-privacidade\/","name":"Pol\u00edtica de privacidade - Loja Organne","isPartOf":{"@id":"https:\/\/organne.com.br\/loja\/#website"},"datePublished":"2022-09-08T15:09:32+00:00","dateModified":"2022-11-29T18:44:07+00:00","breadcrumb":{"@id":"https:\/\/organne.com.br\/loja\/politica-de-privacidade\/#breadcrumb"},"inLanguage":"pt-BR","potentialAction":[{"@type":"ReadAction","target":["https:\/\/organne.com.br\/loja\/politica-de-privacidade\/"]}]},{"@type":"BreadcrumbList","@id":"https:\/\/organne.com.br\/loja\/politica-de-privacidade\/#breadcrumb","itemListElement":[{"@type":"ListItem","position":1,"name":"In\u00edcio","item":"https:\/\/organne.com.br\/loja\/"},{"@type":"ListItem","position":2,"name":"Pol\u00edtica de privacidade"}]},{"@type":"WebSite","@id":"https:\/\/organne.com.br\/loja\/#website","url":"https:\/\/organne.com.br\/loja\/","name":"Loja Organne","description":"Nova Loja","publisher":{"@id":"https:\/\/organne.com.br\/loja\/#organization"},"potentialAction":[{"@type":"SearchAction","target":{"@type":"EntryPoint","urlTemplate":"https:\/\/organne.com.br\/loja\/?s={search_term_string}"},"query-input":{"@type":"PropertyValueSpecification","valueRequired":true,"valueName":"search_term_string"}}],"inLanguage":"pt-BR"},{"@type":"Organization","@id":"https:\/\/organne.com.br\/loja\/#organization","name":"Loja Organne","url":"https:\/\/organne.com.br\/loja\/","logo":{"@type":"ImageObject","inLanguage":"pt-BR","@id":"https:\/\/organne.com.br\/loja\/#\/schema\/logo\/image\/","url":"https:\/\/organne.com.br\/loja\/wp-content\/uploads\/2022\/11\/favicon-organne1.png","contentUrl":"https:\/\/organne.com.br\/loja\/wp-content\/uploads\/2022\/11\/favicon-organne1.png","width":512,"height":512,"caption":"Loja Organne"},"image":{"@id":"https:\/\/organne.com.br\/loja\/#\/schema\/logo\/image\/"},"sameAs":["https:\/\/www.facebook.com\/organnemaringa"]}]}},"_links":{"self":[{"href":"https:\/\/organne.com.br\/loja\/wp-json\/wp\/v2\/pages\/3","targetHints":{"allow":["GET"]}}],"collection":[{"href":"https:\/\/organne.com.br\/loja\/wp-json\/wp\/v2\/pages"}],"about":[{"href":"https:\/\/organne.com.br\/loja\/wp-json\/wp\/v2\/types\/page"}],"author":[{"embeddable":true,"href":"https:\/\/organne.com.br\/loja\/wp-json\/wp\/v2\/users\/1"}],"replies":[{"embeddable":true,"href":"https:\/\/organne.com.br\/loja\/wp-json\/wp\/v2\/comments?post=3"}],"version-history":[{"count":1,"href":"https:\/\/organne.com.br\/loja\/wp-json\/wp\/v2\/pages\/3\/revisions"}],"predecessor-version":[{"id":93,"href":"https:\/\/organne.com.br\/loja\/wp-json\/wp\/v2\/pages\/3\/revisions\/93"}],"wp:attachment":[{"href":"https:\/\/organne.com.br\/loja\/wp-json\/wp\/v2\/media?parent=3"}],"curies":[{"name":"wp","href":"https:\/\/api.w.org\/{rel}","templated":true}]}}